{"id":983,"date":"2019-10-24T11:40:04","date_gmt":"2019-10-24T09:40:04","guid":{"rendered":"https:\/\/aragon-irs.com\/?page_id=983"},"modified":"2023-06-28T09:13:15","modified_gmt":"2023-06-28T07:13:15","slug":"protection-des-donnees","status":"publish","type":"page","link":"https:\/\/aragon-irs.com\/fr\/protection-des-donnees\/","title":{"rendered":"Protection des donn\u00e9es"},"content":{"rendered":"<section class=\"l-section wpb_row height_auto\"><div class=\"l-section-h i-cf\"><div class=\"g-cols vc_row via_flex valign_top type_default stacking_default\"><div class=\"vc_col-sm-12 wpb_column vc_column_container\"><div class=\"vc_column-inner\"><div class=\"wpb_wrapper\">\n\t\t\t<!-- START Header Produkte REVOLUTION SLIDER 6.6.9 --><p class=\"rs-p-wp-fix\"><\/p>\n\t\t\t<rs-module-wrap id=\"rev_slider_6_1_wrapper\" data-source=\"gallery\" style=\"visibility:hidden;background:transparent;padding:0;margin:0px auto;margin-top:0;margin-bottom:0;\">\n\t\t\t\t<rs-module id=\"rev_slider_6_1\" style=\"\" data-version=\"6.6.9\">\n\t\t\t\t\t<rs-slides style=\"overflow: hidden; position: absolute;\">\n\t\t\t\t\t\t<rs-slide style=\"position: absolute;\" data-key=\"rs-13\" data-title=\"Slide\" data-anim=\"ms:1000;r:0;\" data-in=\"o:0;\" data-out=\"a:false;\">\n\t\t\t\t\t\t\t<img src=\"\/\/aragon-irs.com\/wp-content\/plugins\/revslider\/public\/assets\/assets\/dummy.png\" alt=\"\" title=\"header_produkte\" width=\"2560\" height=\"900\" class=\"rev-slidebg tp-rs-img rs-lazyload\" data-lazyload=\"\/\/aragon-irs.com\/wp-content\/uploads\/2019\/10\/header_produkte-2.jpg\" data-bg=\"f:contain;\" data-no-retina>\n<!--\n\t\t\t\t\t\t\t--><rs-layer\n\t\t\t\t\t\t\t\tid=\"slider-6-slide-13-layer-0\" \n\t\t\t\t\t\t\t\tdata-type=\"text\"\n\t\t\t\t\t\t\t\tdata-color=\"#fff\"\n\t\t\t\t\t\t\t\tdata-rsp_ch=\"on\"\n\t\t\t\t\t\t\t\tdata-xy=\"x:68px;y:521px;\"\n\t\t\t\t\t\t\t\tdata-text=\"w:normal;s:64;l:70;ls:1;fw:500;\"\n\t\t\t\t\t\t\t\tdata-dim=\"w:464;\"\n\t\t\t\t\t\t\t\tdata-frame_1=\"sp:1000;\"\n\t\t\t\t\t\t\t\tdata-frame_999=\"o:0;st:w;sp:3300;sR:8000;\"\n\t\t\t\t\t\t\t\tstyle=\"z-index:13;font-family:'Arial', 'Helvetica', 'sans-serif';\"\n\t\t\t\t\t\t\t>AraGon \n\t\t\t\t\t\t\t<\/rs-layer><!--\n\n\t\t\t\t\t\t\t--><rs-layer\n\t\t\t\t\t\t\t\tid=\"slider-6-slide-13-layer-1\" \n\t\t\t\t\t\t\t\tdata-type=\"text\"\n\t\t\t\t\t\t\t\tdata-color=\"#fff\"\n\t\t\t\t\t\t\t\tdata-rsp_ch=\"on\"\n\t\t\t\t\t\t\t\tdata-xy=\"x:68px;y:605px;\"\n\t\t\t\t\t\t\t\tdata-text=\"w:normal;s:64;l:70;ls:1;fw:500;\"\n\t\t\t\t\t\t\t\tdata-frame_0=\"y:-50;\"\n\t\t\t\t\t\t\t\tdata-frame_1=\"sp:1000;\"\n\t\t\t\t\t\t\t\tdata-frame_999=\"y:50;o:0;st:w;sp:1000;sR:8000;\"\n\t\t\t\t\t\t\t\tstyle=\"z-index:12;font-family:'Arial', 'Helvetica', 'sans-serif';\"\n\t\t\t\t\t\t\t>THE <strong>NEW GENERATION<\/strong> OF  IRS \n\t\t\t\t\t\t\t<\/rs-layer><!--\n\n\t\t\t\t\t\t\t--><rs-layer\n\t\t\t\t\t\t\t\tid=\"slider-6-slide-13-layer-3\" \n\t\t\t\t\t\t\t\tdata-type=\"shape\"\n\t\t\t\t\t\t\t\tdata-rsp_ch=\"on\"\n\t\t\t\t\t\t\t\tdata-xy=\"y:527px;\"\n\t\t\t\t\t\t\t\tdata-text=\"w:normal;\"\n\t\t\t\t\t\t\t\tdata-dim=\"w:16px;h:233px;\"\n\t\t\t\t\t\t\t\tdata-frame_999=\"o:0;st:w;\"\n\t\t\t\t\t\t\t\tstyle=\"z-index:14;background-color:#940000;\"\n\t\t\t\t\t\t\t> \n\t\t\t\t\t\t\t<\/rs-layer><!--\n-->\t\t\t\t\t\t<\/rs-slide>\n\t\t\t\t\t<\/rs-slides>\n\t\t\t\t<\/rs-module>\n\t\t\t\t<script>\n\t\t\t\t\tsetREVStartSize({c: 'rev_slider_6_1',rl:[1240,1024,778,480],el:[900],gw:[2560],gh:[900],type:'standard',justify:'',layout:'fullwidth',mh:\"0\"});if (window.RS_MODULES!==undefined && window.RS_MODULES.modules!==undefined && window.RS_MODULES.modules[\"revslider61\"]!==undefined) {window.RS_MODULES.modules[\"revslider61\"].once = false;window.revapi6 = undefined;if (window.RS_MODULES.checkMinimal!==undefined) window.RS_MODULES.checkMinimal()}\n\t\t\t\t<\/script>\n\t\t\t<\/rs-module-wrap>\n\t\t\t<!-- END REVOLUTION SLIDER -->\n<\/div><\/div><\/div><\/div><\/div><\/section><section class=\"l-section wpb_row height_medium\"><div class=\"l-section-h i-cf\"><div class=\"g-cols vc_row via_flex valign_top type_default stacking_default\"><div class=\"vc_col-sm-10 wpb_column vc_column_container\"><div class=\"vc_column-inner\"><div class=\"wpb_wrapper\">[vc_custom_heading text=\u00a0\u00bbD\u00c9CLARATION DE CONFIDENTIALIT\u00c9\u00a0\u00bb font_container=\u00a0\u00bbtag:h1|text_align:left\u00a0\u00bb use_theme_fonts=\u00a0\u00bbyes\u00a0\u00bb]<div class=\"wpb_text_column\"><div class=\"wpb_wrapper\"><p>Nous sommes ravis que vous consultiez notre site Internet et vous remercions pour votre int\u00e9r\u00eat. Par la pr\u00e9sente, nous tenons \u00e0 vous informer en d\u00e9tail sur la mani\u00e8re dont vos donn\u00e9es \u00e0 caract\u00e8re personnel sont utilis\u00e9es lorsque vous visitez notre site Internet. Les donn\u00e9es \u00e0 caract\u00e8re personnel d\u00e9signent l&rsquo;ensemble des donn\u00e9es permettant de vous identifier personnellement. Vos donn\u00e9es seront prot\u00e9g\u00e9es conform\u00e9ment aux prescriptions l\u00e9gales en la mati\u00e8re, notamment le R\u00e8glement g\u00e9n\u00e9ral sur la protection des donn\u00e9es (RGPD) et la Loi f\u00e9d\u00e9rale relative \u00e0 la protection des donn\u00e9es (BDSG). Vous trouverez ci-dessous des informations concernant le type de donn\u00e9es r\u00e9colt\u00e9es durant votre visite sur ce site, ainsi que la mani\u00e8re dont elles sont exploit\u00e9es.<\/p>\n<h3>1. Informations concernant la collecte des donn\u00e9es \u00e0 caract\u00e8re personnel et coordonn\u00e9es du responsable<\/h3>\n<p>1.1 Le responsable du traitement des donn\u00e9es sur ce site Internet au sens du R\u00e8glement g\u00e9n\u00e9ral sur la protection des donn\u00e9es (RGPD) est<\/p>\n<p>Peter Hofmann; AraGon Net GmbH, Bahnhofstra\u00dfe 14, D-97840 Hafenlohr, Germany (Allemagne).<br \/>\nT\u00e9l\u00e9phone:\u00a0+49 (0)172 89 62 149, e-mail: office@aragon-net.com<\/p>\n<p>Les mentions l\u00e9gales dans leur int\u00e9gralit\u00e9 sont accessibles via le lien suivant : https:\/\/www.aragon-net.com\/impressum.html<br \/>\nLe responsable charg\u00e9 du traitement des donn\u00e9es \u00e0 caract\u00e8re personnel d\u00e9signe la personne physique ou morale qui, seule ou conjointement avec d&rsquo;autres, d\u00e9termine les finalit\u00e9s et les moyens du traitement.<\/p>\n<p>1.2 Le responsable n&rsquo;a nomm\u00e9 aucun d\u00e9l\u00e9gu\u00e9 \u00e0 la protection des donn\u00e9es pour son entreprise.<\/p>\n<p>1.3 Pour des raisons de s\u00e9curit\u00e9 et afin de prot\u00e9ger la transmission des donn\u00e9es \u00e0 caract\u00e8re personnel et tout autre contenu confidentiel (par exemple les commandes ou demandes adress\u00e9es au responsable), nous utilisons un chiffrement SSL ou TLS sur notre site Internet. Si la barre d&rsquo;adresse commence par la cha\u00eene de caract\u00e8res \u00ab https:\/\/ \u00bb et qu&rsquo;un symbole en forme de cadenas s&rsquo;affiche dans votre navigateur, votre connexion est s\u00e9curis\u00e9e.<\/p>\n<h3>2. Collecte des donn\u00e9es lors d&rsquo;une visite sur notre site Internet<\/h3>\n<p>Si vous consultez notre site Internet sans vous enregistrer ni nous transmettre d&rsquo;informations suppl\u00e9mentaires, nous collecterons uniquement les donn\u00e9es que votre navigateur communique \u00e0 notre serveur (appel\u00e9es \u00ab fichiers journaux du serveur \u00bb). Lorsque vous acc\u00e9dez \u00e0 notre site Internet, nous avons besoin de recueillir les donn\u00e9es suivantes pour des raisons techniques qui serviront \u00e0 l&rsquo;affichage dans votre navigateur :<\/p>\n<p>\u2022 Chacune des pages de notre site Internet (URL)<\/p>\n<p>\u2022 La date et l&rsquo;heure de l&rsquo;acc\u00e8s<\/p>\n<p>\u2022 Le volume de donn\u00e9es envoy\u00e9es en octets<\/p>\n<p>\u2022 La source\/r\u00e9f\u00e9rence \u00e0 partir de laquelle vous avez acc\u00e9d\u00e9 \u00e0 notre site Internet<\/p>\n<p>\u2022 Le navigateur employ\u00e9<\/p>\n<p>\u2022 Le syst\u00e8me d&rsquo;exploitation utilis\u00e9<\/p>\n<p>\u2022 L&rsquo;adresse IP de votre appareil<\/p>\n<p>Le traitement de ces donn\u00e9es est effectu\u00e9 conform\u00e9ment \u00e0 l&rsquo;art. 6, paragraphe 1f du RGPD, sur la base de notre int\u00e9r\u00eat l\u00e9gitime en vue d&rsquo;am\u00e9liorer la stabilit\u00e9 et le fonctionnement de notre site Internet. Nous nous r\u00e9servons n\u00e9anmoins le droit de v\u00e9rifier a posteriori les fichiers journaux du serveur si des indices concrets sugg\u00e8rent un usage ill\u00e9gal. Les fichiers journaux du serveur non anonymis\u00e9s seront automatiquement supprim\u00e9s apr\u00e8s 30 jours au plus tard.<\/p>\n<p>Notre site Internet est conserv\u00e9 par un h\u00e9bergeur qui met \u00e0 notre disposition des services d&rsquo;infrastructure et de plateforme, des capacit\u00e9s de traitement, un espace de stockage ainsi que des prestations li\u00e9es aux bases de donn\u00e9es, \u00e0 la s\u00e9curit\u00e9 et aux activit\u00e9s de maintenance technique. Nous avons conclu avec cet h\u00e9bergeur un contrat d&rsquo;ex\u00e9cution des commandes. Le traitement des donn\u00e9es est donc effectu\u00e9 dans le but de garantir le bon fonctionnement de notre site Internet, ce qui est dans notre int\u00e9r\u00eat l\u00e9gitime selon l&rsquo;art. 6, paragraphe 1f du RGPD.<\/p>\n<p>Par ailleurs, les donn\u00e9es contenues dans les fichiers journaux du serveur sont \u00e9galement collect\u00e9es par des tiers (voir ci-apr\u00e8s).<\/p>\n<h3>3. Cookies<\/h3>\n<p>Notre site Internet utilise des cookies. Il s&rsquo;agit de petits fichiers texte qui sont sauvegard\u00e9s sur votre terminal. Si des cookies sont g\u00e9n\u00e9r\u00e9s, ils collectent et traitent individuellement des informations propres \u00e0 l&rsquo;utilisateur : donn\u00e9es relatives au navigateur, \u00e0 la localisation, \u00e0 l\u2019adresse IP. En enregistrant les param\u00e8tres, les cookies contribuent dans une certaine mesure \u00e0 la simplification du processus de commande (par exemple en m\u00e9morisant le contenu d&rsquo;un panier d&rsquo;achat en pr\u00e9vision d&rsquo;une future visite sur le site Internet).<\/p>\n<p>Les cookies de session que nous employons sont supprim\u00e9s \u00e0 l&rsquo;issue de votre session de navigation, c&rsquo;est-\u00e0-dire lorsque vous fermez votre navigateur.<\/p>\n<p>Si certains des cookies auxquels nous recourons impliquent un traitement des donn\u00e9es personnelles, ce traitement est effectu\u00e9 car il est n\u00e9cessaire \u00e0 l&rsquo;ex\u00e9cution d&rsquo;un contrat, conform\u00e9ment \u00e0 l&rsquo;art. 6, paragraphe 1b du RGPD, ou pour pr\u00e9server nos int\u00e9r\u00eats l\u00e9gitimes conform\u00e9ment \u00e0 l&rsquo;art. 6, paragraphe 1f du RGPD, afin de garantir le meilleur fonctionnement possible pour notre site Internet et d&rsquo;offrir une interface de consultation conviviale et efficace.<\/p>\n<p>Veuillez noter que vous pouvez param\u00e9trer votre navigateur pour qu&rsquo;il vous informe au sujet de l&rsquo;utilisation de cookies, et qu&rsquo;il vous permette de d\u00e9cider au cas par cas de les accepter ou de les refuser, voire de les exclure de fa\u00e7on g\u00e9n\u00e9rale. Chaque navigateur propose des param\u00e8tres diff\u00e9rents en mati\u00e8re de cookies. Le menu d&rsquo;aide correspondant vous expliquera comment modifier vos pr\u00e9f\u00e9rences. Vous le trouverez sous le lien suivant en fonction du navigateur :<\/p>\n<p>\u2022 Internet Explorer : https:\/\/support.microsoft.com\/fr-fr\/help\/17442\/windows-internet-explorer-delete-manage-cookies<\/p>\n<p>\u2022 Firefox : https:\/\/support.mozilla.org\/fr\/kb\/autoriser-bloquer-cookies-preferences-sites<\/p>\n<p>\u2022 Chrome : https:\/\/support.google.com\/chrome\/answer\/95647?hl=fr&amp;hlrm=en<\/p>\n<p>\u2022 Safari : https:\/\/support.apple.com\/fr-be\/guide\/safari\/sfri11471\/mac<\/p>\n<p>\u2022 Opera : http:\/\/help.opera.com\/Windows\/10.20\/de\/cookies.html<\/p>\n<p>Chez un grand nombre de prestataires, vous avez la possibilit\u00e9 de vous opposer aux cookies utilis\u00e9s \u00e0 des fins de marketing en ligne, notamment les traqueurs, via le site am\u00e9ricain http:\/\/www.aboutads.info\/choices\/ ou le site europ\u00e9en http:\/\/www.youronlinechoices.com\/.<\/p>\n<h5>Cookie Borlabs<\/h5>\n<p>Ce site Web utilise Borlabs Cookie qui d\u00e9finit deux cookies techniquement n\u00e9cessaires (borlabsCookie et borlabsCookieUnblockContent) pour enregistrer vos pr\u00e9f\u00e9rences en mati\u00e8re de cookies.<\/p>\n<p>Borlabs Cookie ne traite aucune donn\u00e9e personnelle.<\/p>\n<p>Le cookie borlabsCookie enregistre votre pr\u00e9f\u00e9rence choisie, que vous avez choisie lorsque vous \u00eates entr\u00e9 sur le site. Le cookie borlabsCookieUnblockContent stocke le contenu \/ support (externe) que vous souhaitez d\u00e9verrouiller automatiquement. Si vous souhaitez annuler ces param\u00e8tres, supprimez simplement les cookies de votre navigateur. Lorsque vous entrez \/ rechargez de nouveau sur le site Web, on vous demandera \u00e0 nouveau votre pr\u00e9f\u00e9rence en mati\u00e8re de cookies.<\/p>\n<a href=\"#\" class=\"_brlbs-btn-cookie-preference borlabs-cookie-preference\">Param\u00e8tres des cookies<\/a>\n<p>&nbsp;<\/p>\n<h3>4. Prise de contact \u00e9lectronique<\/h3>\n<p>Si vous prenez contact avec nous par voie \u00e9lectronique (par exemple via e-mail), des donn\u00e9es \u00e0 caract\u00e8re personnel seront collect\u00e9es. Les donn\u00e9es r\u00e9colt\u00e9es par le biais d&rsquo;un formulaire de contact sont visibles sur le formulaire concern\u00e9. Ces donn\u00e9es sont utilis\u00e9es et enregistr\u00e9es uniquement pour r\u00e9pondre \u00e0 votre demande ou vous recontacter, ainsi que pour r\u00e9aliser toutes les t\u00e2ches administratives connexes. Sans ces informations obligatoires, nous serons dans l&rsquo;incapacit\u00e9 de traiter votre demande. Toute autre information compl\u00e9mentaire est facultative.<\/p>\n<p>La base juridique pour le traitement des donn\u00e9es est notre int\u00e9r\u00eat l\u00e9gitime, qui consiste \u00e0 r\u00e9pondre \u00e0 votre demande conform\u00e9ment \u00e0 l&rsquo;art. 6, paragraphe 1f du RGPD. Si la prise de contact avec vous vise \u00e0 ex\u00e9cuter un contrat, l&rsquo;art. 6, paragraphe 1b du RGPD fournit une base juridique suppl\u00e9mentaire pour le traitement des donn\u00e9es. Enfin, c&rsquo;est l&rsquo;art. 6, paragraphe 1a du RGPD qui porte sur votre consentement au traitement des donn\u00e9es.<\/p>\n<p>Vos donn\u00e9es personnelles seront supprim\u00e9es \u00e0 l&rsquo;issue du traitement de votre demande. Votre demande sera consid\u00e9r\u00e9e comme trait\u00e9e lorsque les circonstances laisseront supposer que les clarifications requises ont \u00e9t\u00e9 apport\u00e9es et dans la mesure o\u00f9 aucune disposition l\u00e9gale ne nous oblige \u00e0 conserver vos donn\u00e9es.<\/p>\n<p>Afin d&rsquo;\u00e9tablir une communication par e-mail, nous avons fait appel \u00e0 un h\u00e9bergeur qui met \u00e0 notre disposition des services d&rsquo;infrastructure et de plateforme, des capacit\u00e9s de traitement, un espace de stockage ainsi que des prestations li\u00e9es aux bases de donn\u00e9es, \u00e0 la s\u00e9curit\u00e9 et aux activit\u00e9s de maintenance technique. Nous avons conclu avec cet h\u00e9bergeur un contrat d&rsquo;ex\u00e9cution des commandes. Le traitement des donn\u00e9es est donc effectu\u00e9 dans le but de garantir le bon fonctionnement de notre communication par e-mail, ce qui est dans notre int\u00e9r\u00eat l\u00e9gitime selon l&rsquo;art. 6, paragraphe 1f du RGPD.<\/p>\n<h3>5. Droits en tant que personne concern\u00e9e<\/h3>\n<h5>5.1 En tant que personne concern\u00e9e, vous jouissez des droits suivants:<\/h5>\n<p>\u2022 Confirmation du traitement des donn\u00e9es : vous avez le droit d&rsquo;exiger de notre part la confirmation que des donn\u00e9es \u00e0 caract\u00e8re personnel vous concernant soient ou ne soient pas trait\u00e9es. Vous trouverez les conditions applicables dans l&rsquo;art. 15 du RGPD.<\/p>\n<p>\u2022 Acc\u00e8s : vous avez le droit d&rsquo;acc\u00e9der aux donn\u00e9es personnelles vous concernant et qui ont fait l&rsquo;objet d&rsquo;un traitement de notre part. Vous trouverez les conditions applicables dans l&rsquo;art. 15 du RGPD.<\/p>\n<p>\u2022 Rectification : vous avez le droit d&rsquo;obtenir dans les meilleurs d\u00e9lais la rectification des donn\u00e9es \u00e0 caract\u00e8re personnel erron\u00e9es. Vous trouverez les conditions applicables dans l&rsquo;art. 16 du RGPD.<\/p>\n<p>\u2022 Effacement : vous avez le droit d&rsquo;obtenir dans les meilleurs d\u00e9lais l&rsquo;effacement des donn\u00e9es \u00e0 caract\u00e8re personnel vous concernant. Vous trouverez les conditions applicables dans l&rsquo;art. 17 du RGPD.<\/p>\n<p>\u2022 Limitation du traitement : vous avez le droit d&rsquo;obtenir la limitation du traitement de vos donn\u00e9es \u00e0 caract\u00e8re personnel. Vous trouverez les conditions applicables dans l&rsquo;art. 18 du RGPD.<\/p>\n<p>\u2022 Portabilit\u00e9 des donn\u00e9es : vous avez le droit de recevoir une copie des donn\u00e9es \u00e0 caract\u00e8re personnel vous concernant et que vous nous avez fournies dans un format structur\u00e9, couramment utilis\u00e9 et lisible par machine. Vous avez en outre le droit de transmettre ces donn\u00e9es par nos soins \u00e0 un autre responsable du traitement. Vous trouverez les conditions applicables dans l&rsquo;art. 20 du RGPD.<\/p>\n<p>\u2022 Retrait du consentement : vous avez le droit de retirer \u00e0 tout moment votre consentement si le traitement de vos donn\u00e9es repose sur l&rsquo;art. 6, paragraphe 1a ou l&rsquo;art. 9, paragraphe 2a du RGPD. Le traitement de vos donn\u00e9es \u00e0 caract\u00e8re personnel reste autoris\u00e9 jusqu&rsquo;au retrait de votre consentement. Ce retrait concerne uniquement le traitement futur. Vous trouverez les conditions applicables dans l&rsquo;art. 7, paragraphe 3 du RGPD.<\/p>\n<p>\u2022 R\u00e9clamations : vous avez le droit, sans pr\u00e9judice de tout autre recours administratif ou juridictionnel, d&rsquo;introduire une r\u00e9clamation aupr\u00e8s d&rsquo;une autorit\u00e9 de contr\u00f4le, si vous consid\u00e9rez que le traitement des donn\u00e9es \u00e0 caract\u00e8re personnel vous concernant constitue une violation du RGPD. Vous trouverez les conditions applicables dans l&rsquo;art. 77 du RGPD.<\/p>\n<h5>5.2 DROIT D&rsquo;OPPOSITION<\/h5>\n<p>VOUS AVEZ LE DROIT, POUR DES RAISONS TENANT \u00c0 VOTRE SITUATION PARTICULI\u00c8RE, DE VOUS OPPOSER \u00c0 TOUT MOMENT AU TRAITEMENT DES DONN\u00c9ES PERSONNELLES VOUS CONCERNANT ET QUI FAIT L&rsquo;OBJET D&rsquo;UN MOTIF L\u00c9GITIME IMP\u00c9RIEUX DE NOTRE PART (ART. 6, PARAGRAPHE 1E OU 1F DU RGPD). CETTE OPPOSITION S&rsquo;APPLIQUERA AU TRAITEMENT FUTUR. VOUS TROUVEREZ LES CONDITIONS APPLICABLES DANS L&rsquo;ART. 21 DU RGPD.<\/p>\n<h3>6. Dur\u00e9e de conservation et suppression des donn\u00e9es \u00e0 caract\u00e8re personnel<\/h3>\n<p>Sauf mention d&rsquo;une dur\u00e9e de conservation diff\u00e9rente, nous gardons les donn\u00e9es en notre possession aussi longtemps qu&rsquo;elles seront n\u00e9cessaires aux finalit\u00e9s pour lesquelles elles \u00e9taient pr\u00e9vues, ainsi que pour remplir les obligations l\u00e9gales de conservation. Conform\u00e9ment aux prescriptions l\u00e9gales, la dur\u00e9e de conservation est fix\u00e9e \u00e0 6 ans dans l&rsquo;art. 257, paragraphe 1 du Code de commerce allemand (livres de commerce, inventaires, bilans d&rsquo;ouverture, comptes annuels, lettres commerciales, documents comptables, etc.) et \u00e0 10 ans dans l&rsquo;art. 147, paragraphe 1 du Code fiscal allemand (livres, enregistrements, rapports de gestion, documents comptables, lettres commerciales et lettres d&rsquo;affaires, documents utiles en mati\u00e8re d&rsquo;imposition, etc.).<\/p>\n<p>Apr\u00e8s expiration de la p\u00e9riode de conservation, les donn\u00e9es concern\u00e9es seront syst\u00e9matiquement supprim\u00e9es, pour autant qu&rsquo;elles ne soient pas n\u00e9cessaires \u00e0 l&rsquo;ex\u00e9cution ou \u00e0 l&rsquo;\u00e9bauche d&rsquo;un contrat et\/ou qu&rsquo;il n&rsquo;existe pour nous plus aucun motif l\u00e9gitime justifiant la prolongation de leur conservation.<\/p>\n<h3>7. Plugins et outils<\/h3>\n<h5>Google Analytics<\/h5>\n<p>Ce site utilise le service \u00ab\u00a0Google Analytics\u00a0\u00bb fourni par Google Inc. (1600 Amphith\u00e9\u00e2tre Parkway Mountain View, CA 94043, USA) pour analyser l&rsquo;utilisation du site par les utilisateurs. Le service utilise des \u00ab\u00a0cookies\u00a0\u00bb &#8211; des fichiers texte stock\u00e9s sur votre appareil. Les informations collect\u00e9es par les cookies sont g\u00e9n\u00e9ralement envoy\u00e9es \u00e0 un serveur de Google aux \u00c9tats-Unis et y sont stock\u00e9es.<\/p>\n<p>Sur ce site Web acc\u00e8de \u00e0 l&rsquo;anonymisation IP. L&rsquo;adresse IP des utilisateurs est raccourcie dans les \u00c9tats membres de l&rsquo;UE et dans l&rsquo;Espace \u00e9conomique europ\u00e9en. Cette r\u00e9duction \u00e9limine la r\u00e9f\u00e9rence personnelle de votre adresse IP. Selon les termes de cet accord, que les op\u00e9rateurs de sites Web ont conclu avec Google Inc., ils utilisent les informations collect\u00e9es pour compiler une \u00e9valuation de l&rsquo;activit\u00e9 du site Web et de ses activit\u00e9s, et fournissent des services li\u00e9s \u00e0 Internet.<\/p>\n<p>Vous avez la possibilit\u00e9 d&#8217;emp\u00eacher l&rsquo;enregistrement du cookie sur votre appareil en d\u00e9finissant les param\u00e8tres appropri\u00e9s dans votre navigateur. Il n&rsquo;y a aucune garantie que vous pourrez acc\u00e9der \u00e0 toutes les fonctions de ce site web sans restrictions si votre navigateur n&rsquo;autorise pas les cookies.<\/p>\n<p>De plus, vous pouvez utiliser un plug-in de navigateur pour emp\u00eacher les informations collect\u00e9es par les cookies (y compris votre adresse IP) d&rsquo;\u00eatre envoy\u00e9es \u00e0 Google Inc. et utilis\u00e9es par Google Inc. Le lien suivant vous m\u00e8ne au plug-in correspondant: <a href=\"https:\/\/tools.google.com\/dlpage\/gaoptout?hl=de\">https:\/\/tools.google.com\/dlpage\/gaoptout?hl=de<\/a><br \/>\nVoici d&rsquo;autres informations sur l&rsquo;utilisation des donn\u00e9es par Google Inc.: <a href=\"https:\/\/support.google.com\/analytics\/answer\/6004245?hl=fr\">https:\/\/support.google.com\/analytics\/answer\/6004245?hl=fr<\/a><\/p>\n<p>En cliquant sur le lien ci-dessus, vous t\u00e9l\u00e9chargez un \u00ab\u00a0cookie de d\u00e9sinscription\u00a0\u00bb. Votre navigateur doit donc autoriser le stockage de cookies en principe. Si vous supprimez vos cookies r\u00e9guli\u00e8rement, vous devrez cliquer sur le lien chaque fois que vous visiterez ce site.<\/p>\n<p>Si vous avez coch\u00e9 la case \u00ab\u00a0Statistiques\u00a0\u00bb lors de la visite de notre site dans les param\u00e8tres de cookie, vous pouvez r\u00e9voquer votre consentement en cliquant sur le bouton ci-dessous. Google Analytics ne collectera plus de donn\u00e9es sur ce site.<\/p>\n<div class=\"BorlabsCookie _brlbs-switch-consent\"><label class=\"_brlbs-btn-switch _brlbs-btn-switch--textRight\"><input type=\"checkbox\" id=\"borlabs-cookie-google-analytics\" data-cookie-group=\"statistics\" name=\"borlabsCookie[statistics][]\" value=\"google-analytics\" data-borlabs-cookie-switch \/><span class=\"_brlbs-slider\"><\/span><span class=\"_brlbs-btn-switch-status\" data-active=\"Activ\u00e9\" data-inactive=\"D\u00e9sactiv\u00e9\" aria-hidden=\"true\"><\/span><\/label><label class=\"_brlbs-title\" for=\"borlabs-cookie-google-analytics\">Google Analytics<\/label><\/div>\n<p>&nbsp;<\/p>\n<h5>Google webfonts<\/h5>\n<p>Ce site utilise des polices dites Web fournies par Google pour la repr\u00e9sentation uniforme des polices. Les polices de Google sont install\u00e9es localement. Il n&rsquo;y a pas de connexion aux serveurs de Google.<\/p>\n<h3>8. Modification de cette d\u00e9claration de confidentialit\u00e9<\/h3>\n<p>La pr\u00e9sente d\u00e9claration de confidentialit\u00e9 est actuellement valable et dat\u00e9e de mai 2018.<\/p>\n<p>Il peut toutefois s&rsquo;av\u00e9rer n\u00e9cessaire de l&rsquo;adapter en raison de l&rsquo;\u00e9volution de notre site Internet et de nos offres, ou d&rsquo;une modification des prescriptions administratives ou l\u00e9gales. Vous pouvez \u00e0 tout moment consulter et imprimer la version en vigueur de cette d\u00e9claration de confidentialit\u00e9 via notre site Internet.<\/p>\n<\/div><\/div><\/div><\/div><\/div><div class=\"vc_col-sm-2 wpb_column vc_column_container\"><div class=\"vc_column-inner\"><div class=\"wpb_wrapper\"><\/div><\/div><\/div><\/div><\/div><\/section>\n","protected":false},"excerpt":{"rendered":"AraGon THE NEW GENERATION OF IRS [vc_custom_heading text=\"D\u00c9CLARATION DE CONFIDENTIALIT\u00c9\" font_container=\"tag:h1|text_align:left\" use_theme_fonts=\"yes\"]Nous sommes ravis que vous consultiez notre site Internet et vous remercions pour votre int\u00e9r\u00eat. Par la pr\u00e9sente, nous tenons \u00e0 vous informer en d\u00e9tail sur la mani\u00e8re dont vos donn\u00e9es \u00e0 caract\u00e8re personnel sont utilis\u00e9es lorsque vous visitez notre site Internet. Les donn\u00e9es...","protected":false},"author":1,"featured_media":0,"parent":0,"menu_order":0,"comment_status":"closed","ping_status":"closed","template":"","meta":[],"_links":{"self":[{"href":"https:\/\/aragon-irs.com\/fr\/wp-json\/wp\/v2\/pages\/983"}],"collection":[{"href":"https:\/\/aragon-irs.com\/fr\/wp-json\/wp\/v2\/pages"}],"about":[{"href":"https:\/\/aragon-irs.com\/fr\/wp-json\/wp\/v2\/types\/page"}],"author":[{"embeddable":true,"href":"https:\/\/aragon-irs.com\/fr\/wp-json\/wp\/v2\/users\/1"}],"replies":[{"embeddable":true,"href":"https:\/\/aragon-irs.com\/fr\/wp-json\/wp\/v2\/comments?post=983"}],"version-history":[{"count":10,"href":"https:\/\/aragon-irs.com\/fr\/wp-json\/wp\/v2\/pages\/983\/revisions"}],"predecessor-version":[{"id":1343,"href":"https:\/\/aragon-irs.com\/fr\/wp-json\/wp\/v2\/pages\/983\/revisions\/1343"}],"wp:attachment":[{"href":"https:\/\/aragon-irs.com\/fr\/wp-json\/wp\/v2\/media?parent=983"}],"curies":[{"name":"wp","href":"https:\/\/api.w.org\/{rel}","templated":true}]}}