{"id":987,"date":"2019-10-24T11:44:52","date_gmt":"2019-10-24T09:44:52","guid":{"rendered":"https:\/\/aragon-irs.com\/?page_id=987"},"modified":"2023-06-28T09:15:20","modified_gmt":"2023-06-28T07:15:20","slug":"mentions-legales","status":"publish","type":"page","link":"https:\/\/aragon-irs.com\/fr\/mentions-legales\/","title":{"rendered":"Mentions l\u00e9gales"},"content":{"rendered":"<section class=\"l-section wpb_row height_auto\"><div class=\"l-section-h i-cf\"><div class=\"g-cols vc_row via_flex valign_top type_default stacking_default\"><div class=\"vc_col-sm-12 wpb_column vc_column_container\"><div class=\"vc_column-inner\"><div class=\"wpb_wrapper\">\n\t\t\t<!-- START Header Produkte REVOLUTION SLIDER 6.6.9 --><p class=\"rs-p-wp-fix\"><\/p>\n\t\t\t<rs-module-wrap id=\"rev_slider_6_1_wrapper\" data-source=\"gallery\" style=\"visibility:hidden;background:transparent;padding:0;margin:0px auto;margin-top:0;margin-bottom:0;\">\n\t\t\t\t<rs-module id=\"rev_slider_6_1\" style=\"\" data-version=\"6.6.9\">\n\t\t\t\t\t<rs-slides style=\"overflow: hidden; position: absolute;\">\n\t\t\t\t\t\t<rs-slide style=\"position: absolute;\" data-key=\"rs-13\" data-title=\"Slide\" data-anim=\"ms:1000;r:0;\" data-in=\"o:0;\" data-out=\"a:false;\">\n\t\t\t\t\t\t\t<img src=\"\/\/aragon-irs.com\/wp-content\/plugins\/revslider\/public\/assets\/assets\/dummy.png\" alt=\"\" title=\"header_produkte\" width=\"2560\" height=\"900\" class=\"rev-slidebg tp-rs-img rs-lazyload\" data-lazyload=\"\/\/aragon-irs.com\/wp-content\/uploads\/2019\/10\/header_produkte-2.jpg\" data-bg=\"f:contain;\" data-no-retina>\n<!--\n\t\t\t\t\t\t\t--><rs-layer\n\t\t\t\t\t\t\t\tid=\"slider-6-slide-13-layer-0\" \n\t\t\t\t\t\t\t\tdata-type=\"text\"\n\t\t\t\t\t\t\t\tdata-color=\"#fff\"\n\t\t\t\t\t\t\t\tdata-rsp_ch=\"on\"\n\t\t\t\t\t\t\t\tdata-xy=\"x:68px;y:521px;\"\n\t\t\t\t\t\t\t\tdata-text=\"w:normal;s:64;l:70;ls:1;fw:500;\"\n\t\t\t\t\t\t\t\tdata-dim=\"w:464;\"\n\t\t\t\t\t\t\t\tdata-frame_1=\"sp:1000;\"\n\t\t\t\t\t\t\t\tdata-frame_999=\"o:0;st:w;sp:3300;sR:8000;\"\n\t\t\t\t\t\t\t\tstyle=\"z-index:13;font-family:'Arial', 'Helvetica', 'sans-serif';\"\n\t\t\t\t\t\t\t>AraGon \n\t\t\t\t\t\t\t<\/rs-layer><!--\n\n\t\t\t\t\t\t\t--><rs-layer\n\t\t\t\t\t\t\t\tid=\"slider-6-slide-13-layer-1\" \n\t\t\t\t\t\t\t\tdata-type=\"text\"\n\t\t\t\t\t\t\t\tdata-color=\"#fff\"\n\t\t\t\t\t\t\t\tdata-rsp_ch=\"on\"\n\t\t\t\t\t\t\t\tdata-xy=\"x:68px;y:605px;\"\n\t\t\t\t\t\t\t\tdata-text=\"w:normal;s:64;l:70;ls:1;fw:500;\"\n\t\t\t\t\t\t\t\tdata-frame_0=\"y:-50;\"\n\t\t\t\t\t\t\t\tdata-frame_1=\"sp:1000;\"\n\t\t\t\t\t\t\t\tdata-frame_999=\"y:50;o:0;st:w;sp:1000;sR:8000;\"\n\t\t\t\t\t\t\t\tstyle=\"z-index:12;font-family:'Arial', 'Helvetica', 'sans-serif';\"\n\t\t\t\t\t\t\t>THE <strong>NEW GENERATION<\/strong> OF  IRS \n\t\t\t\t\t\t\t<\/rs-layer><!--\n\n\t\t\t\t\t\t\t--><rs-layer\n\t\t\t\t\t\t\t\tid=\"slider-6-slide-13-layer-3\" \n\t\t\t\t\t\t\t\tdata-type=\"shape\"\n\t\t\t\t\t\t\t\tdata-rsp_ch=\"on\"\n\t\t\t\t\t\t\t\tdata-xy=\"y:527px;\"\n\t\t\t\t\t\t\t\tdata-text=\"w:normal;\"\n\t\t\t\t\t\t\t\tdata-dim=\"w:16px;h:233px;\"\n\t\t\t\t\t\t\t\tdata-frame_999=\"o:0;st:w;\"\n\t\t\t\t\t\t\t\tstyle=\"z-index:14;background-color:#940000;\"\n\t\t\t\t\t\t\t> \n\t\t\t\t\t\t\t<\/rs-layer><!--\n-->\t\t\t\t\t\t<\/rs-slide>\n\t\t\t\t\t<\/rs-slides>\n\t\t\t\t<\/rs-module>\n\t\t\t\t<script>\n\t\t\t\t\tsetREVStartSize({c: 'rev_slider_6_1',rl:[1240,1024,778,480],el:[900],gw:[2560],gh:[900],type:'standard',justify:'',layout:'fullwidth',mh:\"0\"});if (window.RS_MODULES!==undefined && window.RS_MODULES.modules!==undefined && window.RS_MODULES.modules[\"revslider61\"]!==undefined) {window.RS_MODULES.modules[\"revslider61\"].once = false;window.revapi6 = undefined;if (window.RS_MODULES.checkMinimal!==undefined) window.RS_MODULES.checkMinimal()}\n\t\t\t\t<\/script>\n\t\t\t<\/rs-module-wrap>\n\t\t\t<!-- END REVOLUTION SLIDER -->\n<\/div><\/div><\/div><\/div><\/div><\/section><section class=\"l-section wpb_row height_medium\"><div class=\"l-section-h i-cf\"><div class=\"g-cols vc_row via_flex valign_top type_default stacking_default\"><div class=\"vc_col-sm-12 wpb_column vc_column_container\"><div class=\"vc_column-inner\"><div class=\"wpb_wrapper\">[vc_custom_heading text=\u00a0\u00bbMENTIONS L\u00c9GALES\u00a0\u00bb font_container=\u00a0\u00bbtag:h1|text_align:left\u00a0\u00bb use_theme_fonts=\u00a0\u00bbyes\u00a0\u00bb]<div class=\"wpb_text_column\"><div class=\"wpb_wrapper\"><h3>Obligation d&rsquo;information selon \u00a7 5 TMG.<\/h3>\n<p><strong>AraGon Net GmbH<\/strong><br \/>\nBahnhofstra\u00dfe 14<br \/>\n97840 Hafenlohr, Allemagne<br \/>\nT\u00e9l\u00e9phone:\u00a0+49 (0)175 27 57 263<\/p>\n<p>Num\u00e9ro HRB.: 16096<br \/>\nTribunal d&rsquo;enregistrement: Amtsgericht W\u00fcrzburg<br \/>\nIdentifiant fiscal.: DE 292072916<\/p>\n<p><strong>Directeurs G\u00e9n\u00e9raux:<\/strong><\/p>\n<p><strong>Peter Hofmann<\/strong><br \/>\nE-Mail:\u00a0peter.hofmann@aragon-net.com<\/p>\n<p><strong>Oliver B\u00f6hland<\/strong><\/p>\n<p><strong>Kontakt Afrika<\/strong><br \/>\nE-Mail: africa@aragon.com<\/p>\n<p>&nbsp;<\/p>\n<p><strong>UE r\u00e8glement des diff\u00e9rends:<\/strong><\/p>\n<p>Conform\u00e9ment au r\u00e8glement sur le r\u00e8glement des litiges en ligne dans le domaine de la consommation (r\u00e8glement sur le r\u00e8glement des litiges en ligne), nous souhaitons vous informer sur la plate-forme de r\u00e8glement des litiges en ligne (plate-forme OS).<br \/>\nLes consommateurs ont la possibilit\u00e9 de d\u00e9poser des plaintes sur la plateforme de r\u00e9solution de litiges en ligne de la Commission europ\u00e9enne, \u00e0 l&rsquo;adresse http:\/\/ec.europa.eu\/odr?tid=321122967. Les coordonn\u00e9es n\u00e9cessaires se trouvent ci-dessus dans notre mentions l\u00e9gales.<\/p>\n<p>Nous tenons toutefois \u00e0 souligner que nous ne souhaitons ni ne sommes oblig\u00e9s de participer aux proc\u00e9dures de r\u00e8glement des litiges devant un conseil d\u2019arbitrage de consommation.<\/p>\n<p>&nbsp;<\/p>\n<p><strong>Responsabilit\u00e9 pour le contenu de ce site:<\/strong><\/p>\n<p>Nous d\u00e9veloppons constamment le contenu de ce site Web et nous effor\u00e7ons de fournir des informations correctes et \u00e0 jour. Conform\u00e9ment au paragraphe 7 (1) de Telemediengesetz (TMG), nous, en tant que prestataire de services, sommes responsables de nos propres informations, que nous communiquons aux utilisateurs conform\u00e9ment \u00e0 la l\u00e9gislation g\u00e9n\u00e9rale. Malheureusement, nous ne pouvons assumer aucune responsabilit\u00e9 quant \u00e0 l&rsquo;exactitude de tout le contenu de ce site, en particulier de celui fourni par des tiers. En tant que prestataire de services au sens des \u00a7\u00a7 8 \u00e0 10, nous ne sommes pas oblig\u00e9s de contr\u00f4ler les informations transmises ou stock\u00e9es par ceux-ci ni d&rsquo;enqu\u00eater sur les circonstances qui indiquent une activit\u00e9 ill\u00e9gale.<\/p>\n<p>Nos obligations de supprimer des informations ou de bloquer l&rsquo;utilisation de celles-ci conform\u00e9ment aux lois g\u00e9n\u00e9rales en raison d&rsquo;ordonnances judiciaires ou officielles ne sont pas affect\u00e9es, m\u00eame en cas de non-responsabilit\u00e9 de notre part aux termes des articles 8 \u00e0 10.<\/p>\n<p>Si vous remarquez un contenu probl\u00e9matique ou ill\u00e9gal, veuillez nous contacter imm\u00e9diatement afin que nous puissions supprimer le contenu ill\u00e9gal. Vous trouverez les coordonn\u00e9es dans l&#8217;empreinte.<\/p>\n<p><strong>Responsabilit\u00e9 pour les liens sur ce site:<\/strong><\/p>\n<p>Notre site Web contient des liens vers d&rsquo;autres sites Web dont nous ne sommes pas responsables du contenu. La responsabilit\u00e9 pour les sites Web li\u00e9s n&rsquo;existe pas pour nous, car nous n&rsquo;avions pas connaissance d&rsquo;activit\u00e9s illicites et nous n&rsquo;avions pas remarqu\u00e9 une telle ill\u00e9galit\u00e9 et nous supprimerions imm\u00e9diatement les liens si nous avions connaissance d&rsquo;ill\u00e9galit\u00e9s.<\/p>\n<p>Si vous remarquez des liens ill\u00e9gaux sur notre site Web, veuillez nous contacter. Vous trouverez les coordonn\u00e9es dans l&#8217;empreinte.<\/p>\n<p><strong>Copyright:<\/strong><\/p>\n<p>Tout le contenu de ce site Web (images, photos, textes, vid\u00e9os) est soumis au droit d&rsquo;auteur de la R\u00e9publique f\u00e9d\u00e9rale d&rsquo;Allemagne. S&rsquo;il vous pla\u00eet nous demander avant de distribuer, reproduire ou exploiter le contenu de ce site, tel que la republication sur d&rsquo;autres sites. Si n\u00e9cessaire, nous poursuivrons l\u00e9galement l&rsquo;utilisation non autoris\u00e9e de parties du contenu de notre site.<\/p>\n<p>Si vous trouvez sur ce site des contenus qui violent les droits d&rsquo;auteur, contactez-nous.<\/p>\n<p>&nbsp;<\/p>\n<p><strong>Cr\u00e9dits photo:<\/strong><\/p>\n<p>Les images, photos et graphiques sur ce site sont prot\u00e9g\u00e9s par le droit d&rsquo;auteur.<\/p>\n<p>Les droits d\u2019image appartiennent aux soci\u00e9t\u00e9s suivantes: Shutterstock: www.shutterstock.com, carpemedium Ltd., Wigan<\/p>\n<\/div><\/div><\/div><\/div><\/div><\/div><\/div><\/section>\n","protected":false},"excerpt":{"rendered":"AraGon THE NEW GENERATION OF IRS [vc_custom_heading text=\"MENTIONS L\u00c9GALES\" font_container=\"tag:h1|text_align:left\" use_theme_fonts=\"yes\"]Obligation d&rsquo;information selon \u00a7 5 TMG. AraGon Net GmbH Bahnhofstra\u00dfe 14 97840 Hafenlohr, Allemagne T\u00e9l\u00e9phone:\u00a0+49 (0)175 27 57 263 Num\u00e9ro HRB.: 16096 Tribunal d&rsquo;enregistrement: Amtsgericht W\u00fcrzburg Identifiant fiscal.: DE 292072916 Directeurs G\u00e9n\u00e9raux: Peter Hofmann E-Mail:\u00a0peter.hofmann@aragon-net.com Oliver B\u00f6hland Kontakt Afrika E-Mail: africa@aragon.com &nbsp; UE r\u00e8glement des...","protected":false},"author":1,"featured_media":0,"parent":0,"menu_order":0,"comment_status":"closed","ping_status":"closed","template":"","meta":[],"_links":{"self":[{"href":"https:\/\/aragon-irs.com\/fr\/wp-json\/wp\/v2\/pages\/987"}],"collection":[{"href":"https:\/\/aragon-irs.com\/fr\/wp-json\/wp\/v2\/pages"}],"about":[{"href":"https:\/\/aragon-irs.com\/fr\/wp-json\/wp\/v2\/types\/page"}],"author":[{"embeddable":true,"href":"https:\/\/aragon-irs.com\/fr\/wp-json\/wp\/v2\/users\/1"}],"replies":[{"embeddable":true,"href":"https:\/\/aragon-irs.com\/fr\/wp-json\/wp\/v2\/comments?post=987"}],"version-history":[{"count":10,"href":"https:\/\/aragon-irs.com\/fr\/wp-json\/wp\/v2\/pages\/987\/revisions"}],"predecessor-version":[{"id":1346,"href":"https:\/\/aragon-irs.com\/fr\/wp-json\/wp\/v2\/pages\/987\/revisions\/1346"}],"wp:attachment":[{"href":"https:\/\/aragon-irs.com\/fr\/wp-json\/wp\/v2\/media?parent=987"}],"curies":[{"name":"wp","href":"https:\/\/api.w.org\/{rel}","templated":true}]}}